{"id":1890,"date":"2022-04-04T12:01:13","date_gmt":"2022-04-04T10:01:13","guid":{"rendered":"https:\/\/shop.trampolin.design\/product\/yo-quiero-disenar-libro-copia\/"},"modified":"2022-09-05T15:48:19","modified_gmt":"2022-09-05T13:48:19","slug":"i-want-to-design","status":"publish","type":"product","link":"https:\/\/shop.trampolin.design\/en\/product\/i-want-to-design\/","title":{"rendered":"I want to design"},"content":{"rendered":"","protected":false},"excerpt":{"rendered":"<p>El primer y \u00fanico libro de la historia para entender c\u00f3mo el dise\u00f1o nos hace la vida mejor. Una herramienta pedag\u00f3gica accesible para todas las personas, de 0 a 99 a\u00f1os, que divulga el valor de la profesi\u00f3n como instrumento de transformaci\u00f3n social.<\/p>\n<p>De manera visual, el contenido expone conceptos que gu\u00edan el \u00e1mbito del dise\u00f1o como la creatividad, la generaci\u00f3n de ideas y la innovaci\u00f3n. Adem\u00e1s, el libro est\u00e1 dise\u00f1ado para ser un soporte real para la creatividad, para que quien la lea sea libre de rayarlo, tomar apuntes o dibujar sobre las p\u00e1ginas.<\/p>\n<p>La redacci\u00f3n de la obra ha sido realizada bajo los est\u00e1ndares de la lectura f\u00e1cil para que sea accesible para personas con dificultades de comprensi\u00f3n.<\/p>\n<p>\u00a9 Editores: Trampol\u00edn 2022<br \/>\n\u00a9 Autora: M\u00aa \u00c1ngeles Dominguez<br \/>\n\u00a9 Ilustraci\u00f3n: Luis Demano<br \/>\nDise\u00f1o Gr\u00e1fico: Handshake<br \/>\nDirecci\u00f3n Arte y Coordinaci\u00f3n: Javier La Casta<br \/>\nCorrecci\u00f3n accesibilidad: Plena Inclusi\u00f3n CV<br \/>\nISBN: 978-84-09-35309-5<\/p>\n","protected":false},"featured_media":1872,"template":"","meta":{"_joinchat":[]},"product_brand":[],"product_cat":[42],"product_tag":[],"class_list":{"0":"post-1890","1":"product","2":"type-product","3":"status-publish","4":"has-post-thumbnail","6":"product_cat-books","7":"product_shipping_class-books","9":"first","10":"instock","11":"shipping-taxable","12":"purchasable","13":"product-type-simple"},"_links":{"self":[{"href":"https:\/\/shop.trampolin.design\/en\/wp-json\/wp\/v2\/product\/1890","targetHints":{"allow":["GET"]}}],"collection":[{"href":"https:\/\/shop.trampolin.design\/en\/wp-json\/wp\/v2\/product"}],"about":[{"href":"https:\/\/shop.trampolin.design\/en\/wp-json\/wp\/v2\/types\/product"}],"wp:featuredmedia":[{"embeddable":true,"href":"https:\/\/shop.trampolin.design\/en\/wp-json\/wp\/v2\/media\/1872"}],"wp:attachment":[{"href":"https:\/\/shop.trampolin.design\/en\/wp-json\/wp\/v2\/media?parent=1890"}],"wp:term":[{"taxonomy":"product_brand","embeddable":true,"href":"https:\/\/shop.trampolin.design\/en\/wp-json\/wp\/v2\/product_brand?post=1890"},{"taxonomy":"product_cat","embeddable":true,"href":"https:\/\/shop.trampolin.design\/en\/wp-json\/wp\/v2\/product_cat?post=1890"},{"taxonomy":"product_tag","embeddable":true,"href":"https:\/\/shop.trampolin.design\/en\/wp-json\/wp\/v2\/product_tag?post=1890"}],"curies":[{"name":"wp","href":"https:\/\/api.w.org\/{rel}","templated":true}]}}